{"id":35,"date":"2019-10-07T13:15:44","date_gmt":"2019-10-07T11:15:44","guid":{"rendered":"http:\/\/germepi.fr\/?page_id=35"},"modified":"2021-09-06T14:24:00","modified_gmt":"2021-09-06T12:24:00","slug":"salins-les-bains","status":"publish","type":"page","link":"http:\/\/germepi.fr\/?page_id=35","title":{"rendered":"Salins-les-Bains"},"content":{"rendered":"\n<p><\/p>\n\n\n\n<p>Les cours ont lieu au 4, rue des Clarisses \u00e0 Salins.<br><em><em>Les horaires ont \u00e9t\u00e9 revus pour cette rentr\u00e9e. Les tarifs sont de 75 \u20ac par trimestre et 15 \u20ac d&rsquo;adh\u00e9sion annuelle \u00e0 l&rsquo;association.<\/em><\/em><\/p>\n\n\n\n<blockquote class=\"wp-block-quote\"><p>> <strong>S\u00e9ance anim\u00e9e par Andr\u00e9e Laurent :<\/strong><br>Lundi : 9h45<\/p><\/blockquote>\n","protected":false},"excerpt":{"rendered":"<p>Les cours ont lieu au 4, rue des Clarisses \u00e0 Salins.Les horaires ont \u00e9t\u00e9 revus pour cette rentr\u00e9e. Les tarifs sont de 75 \u20ac par trimestre et 15 \u20ac d&rsquo;adh\u00e9sion annuelle \u00e0 l&rsquo;association. > S\u00e9ance anim\u00e9e par Andr\u00e9e Laurent :Lundi : 9h45<\/p>\n","protected":false},"author":1,"featured_media":0,"parent":0,"menu_order":0,"comment_status":"closed","ping_status":"closed","template":"","meta":[],"yoast_head":"<!-- This site is optimized with the Yoast SEO plugin v15.7 - https:\/\/yoast.com\/wordpress\/plugins\/seo\/ -->\n<title>Salins-les-Bains - germepi<\/title>\n<meta name=\"robots\" content=\"index, follow, max-snippet:-1, max-image-preview:large, max-video-preview:-1\" \/>\n<link rel=\"canonical\" href=\"https:\/\/germepi.fr\/?page_id=35\" \/>\n<meta property=\"og:locale\" content=\"fr_FR\" \/>\n<meta property=\"og:type\" content=\"article\" \/>\n<meta property=\"og:title\" content=\"Salins-les-Bains - germepi\" \/>\n<meta property=\"og:description\" content=\"Les cours ont lieu au 4, rue des Clarisses \u00e0 Salins.Les horaires ont \u00e9t\u00e9 revus pour cette rentr\u00e9e. Les tarifs sont de 75 \u20ac par trimestre et 15 \u20ac d&rsquo;adh\u00e9sion annuelle \u00e0 l&rsquo;association. &gt; S\u00e9ance anim\u00e9e par Andr\u00e9e Laurent :Lundi : 9h45\" \/>\n<meta property=\"og:url\" content=\"https:\/\/germepi.fr\/?page_id=35\" \/>\n<meta property=\"og:site_name\" content=\"germepi\" \/>\n<meta property=\"article:modified_time\" content=\"2021-09-06T12:24:00+00:00\" \/>\n<meta name=\"twitter:card\" content=\"summary_large_image\" \/>\n<meta name=\"twitter:label1\" content=\"Dur\u00e9e de lecture est.\">\n\t<meta name=\"twitter:data1\" content=\"1 minute\">\n<script type=\"application\/ld+json\" class=\"yoast-schema-graph\">{\"@context\":\"https:\/\/schema.org\",\"@graph\":[{\"@type\":\"WebSite\",\"@id\":\"http:\/\/germepi.fr\/#website\",\"url\":\"http:\/\/germepi.fr\/\",\"name\":\"germepi\",\"description\":\"Association d&#039;enseignement de yoga\",\"potentialAction\":[{\"@type\":\"SearchAction\",\"target\":\"http:\/\/germepi.fr\/?s={search_term_string}\",\"query-input\":\"required name=search_term_string\"}],\"inLanguage\":\"fr-FR\"},{\"@type\":\"WebPage\",\"@id\":\"https:\/\/germepi.fr\/?page_id=35#webpage\",\"url\":\"https:\/\/germepi.fr\/?page_id=35\",\"name\":\"Salins-les-Bains - germepi\",\"isPartOf\":{\"@id\":\"http:\/\/germepi.fr\/#website\"},\"datePublished\":\"2019-10-07T11:15:44+00:00\",\"dateModified\":\"2021-09-06T12:24:00+00:00\",\"inLanguage\":\"fr-FR\",\"potentialAction\":[{\"@type\":\"ReadAction\",\"target\":[\"https:\/\/germepi.fr\/?page_id=35\"]}]}]}<\/script>\n<!-- \/ Yoast SEO plugin. -->","_links":{"self":[{"href":"http:\/\/germepi.fr\/index.php?rest_route=\/wp\/v2\/pages\/35"}],"collection":[{"href":"http:\/\/germepi.fr\/index.php?rest_route=\/wp\/v2\/pages"}],"about":[{"href":"http:\/\/germepi.fr\/index.php?rest_route=\/wp\/v2\/types\/page"}],"author":[{"embeddable":true,"href":"http:\/\/germepi.fr\/index.php?rest_route=\/wp\/v2\/users\/1"}],"replies":[{"embeddable":true,"href":"http:\/\/germepi.fr\/index.php?rest_route=%2Fwp%2Fv2%2Fcomments&post=35"}],"version-history":[{"count":12,"href":"http:\/\/germepi.fr\/index.php?rest_route=\/wp\/v2\/pages\/35\/revisions"}],"predecessor-version":[{"id":690,"href":"http:\/\/germepi.fr\/index.php?rest_route=\/wp\/v2\/pages\/35\/revisions\/690"}],"wp:attachment":[{"href":"http:\/\/germepi.fr\/index.php?rest_route=%2Fwp%2Fv2%2Fmedia&parent=35"}],"curies":[{"name":"wp","href":"https:\/\/api.w.org\/{rel}","templated":true}]}}