{"id":33,"date":"2019-10-07T13:15:27","date_gmt":"2019-10-07T11:15:27","guid":{"rendered":"http:\/\/germepi.fr\/?page_id=33"},"modified":"2025-12-18T13:24:17","modified_gmt":"2025-12-18T12:24:17","slug":"pagnoz","status":"publish","type":"page","link":"http:\/\/germepi.fr\/?page_id=33","title":{"rendered":"Pagnoz"},"content":{"rendered":"\n<figure class=\"wp-block-gallery has-nested-images columns-default is-cropped aligncenter wp-block-gallery-1 is-layout-flex\">\n<figure class=\"wp-block-image size-large\"><img decoding=\"async\" loading=\"lazy\" width=\"683\" height=\"1024\" data-id=\"44\"  src=\"http:\/\/germepi.fr\/wp-content\/uploads\/2019\/10\/KD-2016-11-Jura-038-1024-683x1024.jpg\" alt=\"\" class=\"wp-image-44\"\/><\/figure>\n\n\n\n<figure class=\"wp-block-image size-large\"><img decoding=\"async\" loading=\"lazy\" width=\"798\" height=\"1024\" data-id=\"84\"  src=\"http:\/\/germepi.fr\/wp-content\/uploads\/2019\/10\/P1180765-e1571402740378-798x1024.jpg\" alt=\"\" class=\"wp-image-84\" srcset=\"http:\/\/germepi.fr\/wp-content\/uploads\/2019\/10\/P1180765-e1571402740378-798x1024.jpg 798w, http:\/\/germepi.fr\/wp-content\/uploads\/2019\/10\/P1180765-e1571402740378-234x300.jpg 234w, http:\/\/germepi.fr\/wp-content\/uploads\/2019\/10\/P1180765-e1571402740378-768x985.jpg 768w, http:\/\/germepi.fr\/wp-content\/uploads\/2019\/10\/P1180765-e1571402740378-1140x1462.jpg 1140w, http:\/\/germepi.fr\/wp-content\/uploads\/2019\/10\/P1180765-e1571402740378.jpg 1692w\" sizes=\"(max-width: 798px) 100vw, 798px\" \/><\/figure>\n<\/figure>\n\n\n\n<p>Les cours ont lieu dans la maison de la Fontenotte, rue de Vaulgrenant, \u00e0 Pagnoz.<br>D\u00e9but des cours la semaine du 15 septembre 2025.<br><em>Les tarifs sont de 75 \u20ac par trimestre et 15 \u20ac d&rsquo;adh\u00e9sion annuelle \u00e0 l&rsquo;association.<\/em><\/p>\n\n\n\n<blockquote class=\"wp-block-quote\">\n<p><strong>S\u00e9ances anim\u00e9es par \u00c9lisabeth Alixant :<\/strong><br>         Lundi : 17h &amp; 18h45<br>         Mardi : 8h45 &amp; 17h<\/p>\n\n\n\n<p><\/p>\n\n\n\n<p><em>Si vous souhaitez des informations sur ces s\u00e9ances, vous pouvez prendre contact avec \u00c9lisabeth Alixant<\/em> <em>au<\/em><strong>&nbsp;06 52 46 63 12<\/strong> ou sur <a href=\"mailto:elisabeth.alixant@wanadoo.fr\">elisabeth.alixant@wanadoo.fr<\/a><br><strong>R\u00e9servation obligatoire par mail, t\u00e9l\u00e9phone ou SMS.<\/strong><\/p>\n<\/blockquote>\n\n\n\n<blockquote class=\"wp-block-quote\">\n<p><strong>S\u00e9ances anim\u00e9es par Sabine Th\u00e9resse <\/strong>:<br>         Mercredi : 8h45, 17h et 18h45<br>         Jeudi : 8h45<\/p>\n<\/blockquote>\n\n\n\n<p><em>Si vous souhaitez des informations sur ces s\u00e9ances, vous pouvez prendre contact avec Sabine Th\u00e9resse<\/em><br>au <strong>03 84 53 28 74<\/strong> ou sur <a href=\"mailto:sabine.theresse@laposte.net\" target=\"_blank\" rel=\"noreferrer noopener\">sabine.theresse@laposte.net<\/a><br><strong>R\u00e9servation obligatoire par mail ou t\u00e9l\u00e9phone.<\/strong><\/p>\n\n\n\n<blockquote class=\"wp-block-quote\">\n<p><strong>S\u00e9ances anim\u00e9es par \u00c9lisabeth Sauldubois :<\/strong><br>         Jeudi : 18h30 <\/p>\n<\/blockquote>\n\n\n\n<p><em>Si vous souhaitez des informations sur ces s\u00e9ances, vous pouvez prendre contact avec \u00c9lisabeth Sauldubois <\/em><br>au <strong>06 29 97 68 48<\/strong> ou sur <a aria-label=\" (s\u2019ouvre dans un nouvel onglet)\" href=\"mailto:elisabeth.sauldubois@orange.fr\" target=\"_blank\" rel=\"noreferrer noopener\">elisabeth.sauldubois@orange.fr<\/a><br><strong>R\u00e9servation obligatoire par mail, t\u00e9l\u00e9phone ou SMS.<\/strong><\/p>\n\n\n\n<p><em><strong><strong>FONCTIONNEMENT :<\/strong><\/strong><br>De fa\u00e7on \u00e0 ce que chacun.e se sente \u00e0 l&rsquo;aise pendant la s\u00e9ance :<br>&#8211; Le nombre de personnes par s\u00e9ance est limit\u00e9 \u00e0 12 \u00e0 Pagnoz.<br>&#8211; Chacun.e apportera tapis, couvertures et coussins. Vos \u00e9quipements personnels ne pourront pas \u00eatre laiss\u00e9s sur place.<\/em><\/p>\n","protected":false},"excerpt":{"rendered":"<p>Les cours ont lieu dans la maison de la Fontenotte, rue de Vaulgrenant, \u00e0 Pagnoz.D\u00e9but des cours la semaine du 15 septembre 2025.Les tarifs sont de 75 \u20ac par trimestre et 15 \u20ac d&rsquo;adh\u00e9sion annuelle \u00e0 l&rsquo;association. S\u00e9ances anim\u00e9es par \u00c9lisabeth Alixant : Lundi : 17h &amp; 18h45 Mardi : 8h45 &amp; 17h Si vous souhaitez des informations sur ces s\u00e9ances, vous pouvez prendre contact avec \u00c9lisabeth Alixant au&nbsp;06 52 46 63 12 ou sur elisabeth.alixant@wanadoo.frR\u00e9servation obligatoire par mail, t\u00e9l\u00e9phone ou SMS. S\u00e9ances anim\u00e9es par Sabine Th\u00e9resse : Mercredi : 8h45, 17h et 18h45 Jeudi : 8h45 Si vous souhaitez des informations sur ces s\u00e9ances, vous pouvez prendre contact avec Sabine Th\u00e9resseau 03 84 53 28 74 ou sur sabine.theresse@laposte.netR\u00e9servation obligatoire par mail ou t\u00e9l\u00e9phone. S\u00e9ances anim\u00e9es par \u00c9lisabeth Sauldubois : Jeudi : 18h30 Si vous souhaitez des informations sur ces s\u00e9ances, vous pouvez prendre contact avec \u00c9lisabeth Sauldubois au 06 29 97 68 48 ou sur elisabeth.sauldubois@orange.frR\u00e9servation obligatoire par mail, t\u00e9l\u00e9phone ou SMS. FONCTIONNEMENT :De fa\u00e7on \u00e0 ce que chacun.e se sente \u00e0 l&rsquo;aise pendant la s\u00e9ance :&#8211; Le nombre de personnes par s\u00e9ance est limit\u00e9 \u00e0 12 \u00e0 Pagnoz.&#8211; Chacun.e apportera tapis, couvertures et coussins. Vos \u00e9quipements personnels ne pourront pas \u00eatre laiss\u00e9s sur place.<\/p>\n","protected":false},"author":1,"featured_media":0,"parent":0,"menu_order":0,"comment_status":"closed","ping_status":"closed","template":"","meta":[],"yoast_head":"<!-- This site is optimized with the Yoast SEO plugin v15.7 - https:\/\/yoast.com\/wordpress\/plugins\/seo\/ -->\n<title>Pagnoz - germepi<\/title>\n<meta name=\"robots\" content=\"index, follow, max-snippet:-1, max-image-preview:large, max-video-preview:-1\" \/>\n<link rel=\"canonical\" href=\"https:\/\/germepi.fr\/?page_id=33\" \/>\n<meta property=\"og:locale\" content=\"fr_FR\" \/>\n<meta property=\"og:type\" content=\"article\" \/>\n<meta property=\"og:title\" content=\"Pagnoz - germepi\" \/>\n<meta property=\"og:description\" content=\"Les cours ont lieu dans la maison de la Fontenotte, rue de Vaulgrenant, \u00e0 Pagnoz.D\u00e9but des cours la semaine du 15 septembre 2025.Les tarifs sont de 75 \u20ac par trimestre et 15 \u20ac d&rsquo;adh\u00e9sion annuelle \u00e0 l&rsquo;association. S\u00e9ances anim\u00e9es par \u00c9lisabeth Alixant : Lundi : 17h &amp; 18h45 Mardi : 8h45 &amp; 17h Si vous souhaitez des informations sur ces s\u00e9ances, vous pouvez prendre contact avec \u00c9lisabeth Alixant au&nbsp;06 52 46 63 12 ou sur elisabeth.alixant@wanadoo.frR\u00e9servation obligatoire par mail, t\u00e9l\u00e9phone ou SMS. S\u00e9ances anim\u00e9es par Sabine Th\u00e9resse : Mercredi : 8h45, 17h et 18h45 Jeudi : 8h45 Si vous souhaitez des informations sur ces s\u00e9ances, vous pouvez prendre contact avec Sabine Th\u00e9resseau 03 84 53 28 74 ou sur sabine.theresse@laposte.netR\u00e9servation obligatoire par mail ou t\u00e9l\u00e9phone. S\u00e9ances anim\u00e9es par \u00c9lisabeth Sauldubois : Jeudi : 18h30 Si vous souhaitez des informations sur ces s\u00e9ances, vous pouvez prendre contact avec \u00c9lisabeth Sauldubois au 06 29 97 68 48 ou sur elisabeth.sauldubois@orange.frR\u00e9servation obligatoire par mail, t\u00e9l\u00e9phone ou SMS. FONCTIONNEMENT :De fa\u00e7on \u00e0 ce que chacun.e se sente \u00e0 l&rsquo;aise pendant la s\u00e9ance :&#8211; Le nombre de personnes par s\u00e9ance est limit\u00e9 \u00e0 12 \u00e0 Pagnoz.&#8211; Chacun.e apportera tapis, couvertures et coussins. Vos \u00e9quipements personnels ne pourront pas \u00eatre laiss\u00e9s sur place.\" \/>\n<meta property=\"og:url\" content=\"https:\/\/germepi.fr\/?page_id=33\" \/>\n<meta property=\"og:site_name\" content=\"germepi\" \/>\n<meta property=\"article:modified_time\" content=\"2025-12-18T12:24:17+00:00\" \/>\n<meta property=\"og:image\" content=\"http:\/\/germepi.fr\/wp-content\/uploads\/2019\/10\/KD-2016-11-Jura-038-1024-683x1024.jpg\" \/>\n<meta name=\"twitter:card\" content=\"summary_large_image\" \/>\n<meta name=\"twitter:label1\" content=\"Dur\u00e9e de lecture est.\">\n\t<meta name=\"twitter:data1\" content=\"2 minutes\">\n<script type=\"application\/ld+json\" class=\"yoast-schema-graph\">{\"@context\":\"https:\/\/schema.org\",\"@graph\":[{\"@type\":\"WebSite\",\"@id\":\"http:\/\/germepi.fr\/#website\",\"url\":\"http:\/\/germepi.fr\/\",\"name\":\"germepi\",\"description\":\"Association d&#039;enseignement de yoga\",\"potentialAction\":[{\"@type\":\"SearchAction\",\"target\":\"http:\/\/germepi.fr\/?s={search_term_string}\",\"query-input\":\"required name=search_term_string\"}],\"inLanguage\":\"fr-FR\"},{\"@type\":\"ImageObject\",\"@id\":\"https:\/\/germepi.fr\/?page_id=33#primaryimage\",\"inLanguage\":\"fr-FR\",\"url\":\"http:\/\/germepi.fr\/wp-content\/uploads\/2019\/10\/KD-2016-11-Jura-038-1024-683x1024.jpg\"},{\"@type\":\"WebPage\",\"@id\":\"https:\/\/germepi.fr\/?page_id=33#webpage\",\"url\":\"https:\/\/germepi.fr\/?page_id=33\",\"name\":\"Pagnoz - germepi\",\"isPartOf\":{\"@id\":\"http:\/\/germepi.fr\/#website\"},\"primaryImageOfPage\":{\"@id\":\"https:\/\/germepi.fr\/?page_id=33#primaryimage\"},\"datePublished\":\"2019-10-07T11:15:27+00:00\",\"dateModified\":\"2025-12-18T12:24:17+00:00\",\"inLanguage\":\"fr-FR\",\"potentialAction\":[{\"@type\":\"ReadAction\",\"target\":[\"https:\/\/germepi.fr\/?page_id=33\"]}]}]}<\/script>\n<!-- \/ Yoast SEO plugin. -->","_links":{"self":[{"href":"http:\/\/germepi.fr\/index.php?rest_route=\/wp\/v2\/pages\/33"}],"collection":[{"href":"http:\/\/germepi.fr\/index.php?rest_route=\/wp\/v2\/pages"}],"about":[{"href":"http:\/\/germepi.fr\/index.php?rest_route=\/wp\/v2\/types\/page"}],"author":[{"embeddable":true,"href":"http:\/\/germepi.fr\/index.php?rest_route=\/wp\/v2\/users\/1"}],"replies":[{"embeddable":true,"href":"http:\/\/germepi.fr\/index.php?rest_route=%2Fwp%2Fv2%2Fcomments&post=33"}],"version-history":[{"count":30,"href":"http:\/\/germepi.fr\/index.php?rest_route=\/wp\/v2\/pages\/33\/revisions"}],"predecessor-version":[{"id":857,"href":"http:\/\/germepi.fr\/index.php?rest_route=\/wp\/v2\/pages\/33\/revisions\/857"}],"wp:attachment":[{"href":"http:\/\/germepi.fr\/index.php?rest_route=%2Fwp%2Fv2%2Fmedia&parent=33"}],"curies":[{"name":"wp","href":"https:\/\/api.w.org\/{rel}","templated":true}]}}