{"id":21,"date":"2019-10-07T13:06:46","date_gmt":"2019-10-07T11:06:46","guid":{"rendered":"http:\/\/germepi.fr\/?page_id=21"},"modified":"2019-11-22T12:17:51","modified_gmt":"2019-11-22T11:17:51","slug":"contact-liens-amis","status":"publish","type":"page","link":"http:\/\/germepi.fr\/?page_id=21","title":{"rendered":"Contacts \/ Liens"},"content":{"rendered":"\n<h4 class=\"wp-block-heading\"><strong>Pour nous contacter :<\/strong><\/h4>\n\n\n\n<p><strong>ASSOCIATION GERMEPI<\/strong><br>4, rue des Clarisses &#8211; 39110 SALINS-LES-BAINS<\/p>\n\n\n\n<p>\u00c9lisabeth Alixant :<strong> 03 84 37 86 24 <\/strong>ou<strong> 06 52 46 63 12<\/strong><br><a href=\"mailto:elisabeth.alixant@wanadoo.fr\">elisabeth.alixant@wanadoo.fr<\/a><\/p>\n\n\n\n<p>\u00c9lisabeth Sauldubois : <strong>06 29 97 68 48<\/strong><br><a href=\"mailto:elisabeth.sauldubois@orange.fr\">elisabeth.sauldubois@orange.fr<\/a><\/p>\n\n\n\n<p>Sabine Th\u00e9resse : <strong>03 84 53 28 74<\/strong><br><a href=\"mailto:sabine.theresse@laposte.net\">sabine.theresse@laposte.net<\/a><\/p>\n\n\n\n<h4 class=\"wp-block-heading\"><br><strong>Les liens amis :<\/strong><\/h4>\n\n\n\n<p>&#8211; Site de Yoga Science et Tradition :<br><a rel=\"noreferrer noopener\" aria-label=\"https:\/\/www.kdham.fr\/ (s\u2019ouvre dans un nouvel onglet)\" href=\"https:\/\/www.kdham.fr\/\" target=\"_blank\">https:\/\/www.kdham.fr\/<\/a><\/p>\n\n\n\n<p>&#8211; Site de l&rsquo;Institut Kaivalyadhama (Lonavla Inde):<br><a href=\"https:\/\/kdham.com\/\" target=\"_blank\" rel=\"noreferrer noopener\" aria-label=\" (s\u2019ouvre dans un nouvel onglet)\">https:\/\/kdham.com\/<\/a><\/p>\n\n\n\n<p>&#8211; Site d&rsquo;\u00c9lisabeth Alixant :<br><a href=\"https:\/\/elisabeth-alixant.pagesperso-orange.fr\/\" target=\"_blank\" rel=\"noreferrer noopener\" aria-label=\" (s\u2019ouvre dans un nouvel onglet)\">https:\/\/elisabeth-alixant.pagesperso-orange.fr\/<\/a><\/p>\n\n\n\n<p>&#8211; Site de  l&rsquo;Union Comtoise de Yoga :<br><a rel=\"noreferrer noopener\" aria-label=\"http:\/\/www.franchecomteyoga.com (s\u2019ouvre dans un nouvel onglet)\" href=\"http:\/\/www.franchecomteyoga.com\" target=\"_blank\">http:\/\/www.franchecomteyoga.com<\/a><\/p>\n\n\n\n<p>&#8211; Site du Centre L\u00e9donien de Yoga :<br><a href=\"http:\/\/www.jura-yoga.com\/\" target=\"_blank\" rel=\"noreferrer noopener\" aria-label=\" (s\u2019ouvre dans un nouvel onglet)\">http:\/\/www.jura-yoga.com\/<\/a><\/p>\n\n\n\n<p>&#8211; Site du RYE (Recherche sur le Yoga dans l\u2019\u00c9ducation) :<br><a href=\"https:\/\/www.rye-yoga.fr\/\" target=\"_blank\" rel=\"noreferrer noopener\" aria-label=\" (s\u2019ouvre dans un nouvel onglet)\">https:\/\/www.rye-yoga.fr\/<\/a><\/p>\n","protected":false},"excerpt":{"rendered":"<p>Pour nous contacter : ASSOCIATION GERMEPI4, rue des Clarisses &#8211; 39110 SALINS-LES-BAINS \u00c9lisabeth Alixant : 03 84 37 86 24 ou 06 52 46 63 12elisabeth.alixant@wanadoo.fr \u00c9lisabeth Sauldubois : 06 29 97 68 48elisabeth.sauldubois@orange.fr Sabine Th\u00e9resse : 03 84 53 28 74sabine.theresse@laposte.net Les liens amis : &#8211; Site de Yoga Science et Tradition :https:\/\/www.kdham.fr\/ &#8211; Site de l&rsquo;Institut Kaivalyadhama (Lonavla Inde):https:\/\/kdham.com\/ &#8211; Site d&rsquo;\u00c9lisabeth Alixant :https:\/\/elisabeth-alixant.pagesperso-orange.fr\/ &#8211; Site de l&rsquo;Union Comtoise de Yoga :http:\/\/www.franchecomteyoga.com &#8211; Site du Centre L\u00e9donien de Yoga :http:\/\/www.jura-yoga.com\/ &#8211; Site du RYE (Recherche sur le Yoga dans l\u2019\u00c9ducation) :https:\/\/www.rye-yoga.fr\/<\/p>\n","protected":false},"author":1,"featured_media":0,"parent":0,"menu_order":0,"comment_status":"closed","ping_status":"closed","template":"","meta":[],"yoast_head":"<!-- This site is optimized with the Yoast SEO plugin v15.7 - https:\/\/yoast.com\/wordpress\/plugins\/seo\/ -->\n<title>Contacts \/ Liens - germepi<\/title>\n<meta name=\"robots\" content=\"index, follow, max-snippet:-1, max-image-preview:large, max-video-preview:-1\" \/>\n<link rel=\"canonical\" href=\"https:\/\/germepi.fr\/?page_id=21\" \/>\n<meta property=\"og:locale\" content=\"fr_FR\" \/>\n<meta property=\"og:type\" content=\"article\" \/>\n<meta property=\"og:title\" content=\"Contacts \/ Liens - germepi\" \/>\n<meta property=\"og:description\" content=\"Pour nous contacter : ASSOCIATION GERMEPI4, rue des Clarisses &#8211; 39110 SALINS-LES-BAINS \u00c9lisabeth Alixant : 03 84 37 86 24 ou 06 52 46 63 12elisabeth.alixant@wanadoo.fr \u00c9lisabeth Sauldubois : 06 29 97 68 48elisabeth.sauldubois@orange.fr Sabine Th\u00e9resse : 03 84 53 28 74sabine.theresse@laposte.net Les liens amis : &#8211; Site de Yoga Science et Tradition :https:\/\/www.kdham.fr\/ &#8211; Site de l&rsquo;Institut Kaivalyadhama (Lonavla Inde):https:\/\/kdham.com\/ &#8211; Site d&rsquo;\u00c9lisabeth Alixant :https:\/\/elisabeth-alixant.pagesperso-orange.fr\/ &#8211; Site de l&rsquo;Union Comtoise de Yoga :http:\/\/www.franchecomteyoga.com &#8211; Site du Centre L\u00e9donien de Yoga :http:\/\/www.jura-yoga.com\/ &#8211; Site du RYE (Recherche sur le Yoga dans l\u2019\u00c9ducation) :https:\/\/www.rye-yoga.fr\/\" \/>\n<meta property=\"og:url\" content=\"https:\/\/germepi.fr\/?page_id=21\" \/>\n<meta property=\"og:site_name\" content=\"germepi\" \/>\n<meta property=\"article:modified_time\" content=\"2019-11-22T11:17:51+00:00\" \/>\n<meta name=\"twitter:card\" content=\"summary_large_image\" \/>\n<meta name=\"twitter:label1\" content=\"Dur\u00e9e de lecture est.\">\n\t<meta name=\"twitter:data1\" content=\"1 minute\">\n<script type=\"application\/ld+json\" class=\"yoast-schema-graph\">{\"@context\":\"https:\/\/schema.org\",\"@graph\":[{\"@type\":\"WebSite\",\"@id\":\"http:\/\/germepi.fr\/#website\",\"url\":\"http:\/\/germepi.fr\/\",\"name\":\"germepi\",\"description\":\"Association d&#039;enseignement de yoga\",\"potentialAction\":[{\"@type\":\"SearchAction\",\"target\":\"http:\/\/germepi.fr\/?s={search_term_string}\",\"query-input\":\"required name=search_term_string\"}],\"inLanguage\":\"fr-FR\"},{\"@type\":\"WebPage\",\"@id\":\"https:\/\/germepi.fr\/?page_id=21#webpage\",\"url\":\"https:\/\/germepi.fr\/?page_id=21\",\"name\":\"Contacts \/ Liens - germepi\",\"isPartOf\":{\"@id\":\"http:\/\/germepi.fr\/#website\"},\"datePublished\":\"2019-10-07T11:06:46+00:00\",\"dateModified\":\"2019-11-22T11:17:51+00:00\",\"inLanguage\":\"fr-FR\",\"potentialAction\":[{\"@type\":\"ReadAction\",\"target\":[\"https:\/\/germepi.fr\/?page_id=21\"]}]}]}<\/script>\n<!-- \/ Yoast SEO plugin. -->","_links":{"self":[{"href":"http:\/\/germepi.fr\/index.php?rest_route=\/wp\/v2\/pages\/21"}],"collection":[{"href":"http:\/\/germepi.fr\/index.php?rest_route=\/wp\/v2\/pages"}],"about":[{"href":"http:\/\/germepi.fr\/index.php?rest_route=\/wp\/v2\/types\/page"}],"author":[{"embeddable":true,"href":"http:\/\/germepi.fr\/index.php?rest_route=\/wp\/v2\/users\/1"}],"replies":[{"embeddable":true,"href":"http:\/\/germepi.fr\/index.php?rest_route=%2Fwp%2Fv2%2Fcomments&post=21"}],"version-history":[{"count":14,"href":"http:\/\/germepi.fr\/index.php?rest_route=\/wp\/v2\/pages\/21\/revisions"}],"predecessor-version":[{"id":198,"href":"http:\/\/germepi.fr\/index.php?rest_route=\/wp\/v2\/pages\/21\/revisions\/198"}],"wp:attachment":[{"href":"http:\/\/germepi.fr\/index.php?rest_route=%2Fwp%2Fv2%2Fmedia&parent=21"}],"curies":[{"name":"wp","href":"https:\/\/api.w.org\/{rel}","templated":true}]}}