{"id":19,"date":"2019-10-07T13:06:20","date_gmt":"2019-10-07T11:06:20","guid":{"rendered":"http:\/\/germepi.fr\/?page_id=19"},"modified":"2023-04-25T22:33:28","modified_gmt":"2023-04-25T20:33:28","slug":"qui-sommes-nous","status":"publish","type":"page","link":"http:\/\/germepi.fr\/?page_id=19","title":{"rendered":"Qui sommes-nous ?"},"content":{"rendered":"\n<p><strong>Germepi<\/strong> est une association loi 1901 qui \u0153uvre depuis 25 ans pour diffuser un yoga li\u00e9 \u00e0 la tradition, \u00e0 travers des cours hebdomadaires, des stages, des temps d&rsquo;\u00e9changes et de rencontres. <\/p>\n\n\n\n<p>Elle est bas\u00e9e \u00e0 Salins-les-Bains, au c\u0153ur du Jura, et compte aujourd&rsquo;hui pr\u00e8s de 150 adh\u00e9rents.<br><\/p>\n\n\n\n<figure class=\"wp-block-gallery has-nested-images columns-3 is-cropped wp-block-gallery-1 is-layout-flex\">\n<figure class=\"wp-block-image size-large\"><img decoding=\"async\" loading=\"lazy\" width=\"1024\" height=\"722\" data-id=\"132\"  src=\"http:\/\/germepi.fr\/wp-content\/uploads\/2019\/10\/DSC00322-e1649939877847-1024x722.jpg\" alt=\"\" class=\"wp-image-132\"\/><\/figure>\n\n\n\n<figure class=\"wp-block-image size-large\"><img decoding=\"async\" loading=\"lazy\" width=\"1024\" height=\"768\" data-id=\"126\"  src=\"http:\/\/germepi.fr\/wp-content\/uploads\/2019\/10\/DSC00313-1024x768.jpg\" alt=\"\" class=\"wp-image-126\" srcset=\"http:\/\/germepi.fr\/wp-content\/uploads\/2019\/10\/DSC00313-1024x768.jpg 1024w, http:\/\/germepi.fr\/wp-content\/uploads\/2019\/10\/DSC00313-300x225.jpg 300w, http:\/\/germepi.fr\/wp-content\/uploads\/2019\/10\/DSC00313-768x576.jpg 768w, http:\/\/germepi.fr\/wp-content\/uploads\/2019\/10\/DSC00313-1140x855.jpg 1140w\" sizes=\"(max-width: 1024px) 100vw, 1024px\" \/><\/figure>\n\n\n\n<figure class=\"wp-block-image size-large\"><img decoding=\"async\" loading=\"lazy\" width=\"1024\" height=\"768\" data-id=\"138\"  src=\"http:\/\/germepi.fr\/wp-content\/uploads\/2019\/10\/DSC00339-1024x768.jpg\" alt=\"\" class=\"wp-image-138\" srcset=\"http:\/\/germepi.fr\/wp-content\/uploads\/2019\/10\/DSC00339-1024x768.jpg 1024w, http:\/\/germepi.fr\/wp-content\/uploads\/2019\/10\/DSC00339-300x225.jpg 300w, http:\/\/germepi.fr\/wp-content\/uploads\/2019\/10\/DSC00339-768x576.jpg 768w, http:\/\/germepi.fr\/wp-content\/uploads\/2019\/10\/DSC00339-1140x855.jpg 1140w\" sizes=\"(max-width: 1024px) 100vw, 1024px\" \/><\/figure>\n<\/figure>\n\n\n\n<h4 class=\"wp-block-heading\"><strong>Dans les cours<\/strong> et les stages&#8230;<\/h4>\n\n\n\n<ul>\n<li><strong>Andr\u00e9e Laurent<\/strong> : cours \u00e0 Salins-les-Bains avec Germepi<\/li>\n<\/ul>\n\n\n\n<blockquote class=\"wp-block-quote\">\n<p>\u00ab\u00a0<em>En 1961, un livre de Lucien Ferrer me fait d\u00e9couvrir le  yoga. De 1973 \u00e0 1976, les cours de yoga de Nelly Chablot me donnent envie de l\u2019enseigner, ils m\u2019ont aid\u00e9e \u00e0 gu\u00e9rir.<br><strong>De 1976 \u00e0 1981, j\u2019assiste aux stages de D. et A. Van Lysebeth.<\/strong> De 1979 \u00e0 1987, <strong>je d\u00e9couvre le yoga <\/strong><\/em><br><em><strong>de l\u2019\u00e9nergie avec Roger Clerc<\/strong> (Lucien Ferrer fut son enseignant), \u00e9cole d\u2019Evian.<br><strong>En 1993, je rencontre Shri O.P. Tiwari<\/strong> et de 1994 \u00e0 20 .. , il anime un stage d\u2019une semaine \u00e0 Salins-les-Bains, dans ma salle, puis \u00e0 Pagnoz.<br>Depuis 1979, j\u2019ai enseign\u00e9 le yoga \u00e0 Joigny, Migennes, Reims, Vesoul, puis Salins-les-Bains.<br>Et depuis 20.. , \u00c9lisabeth Alixant et Renaud Bellemere ont pris la suite de mes cours. J\u2019en garde un seul, <\/em><br><em>avec Bonheur.<\/em>\u00ab\u00a0<\/p>\n<\/blockquote>\n\n\n\n<ul>\n<li><strong>\u00c9lisabeth Alixant<\/strong> : cours \u00e0 Pagnoz avec Germepi, ainsi qu&rsquo;\u00e0 Byans-sur-Doubs (Association En forme \u00e0 Byans)<\/li>\n<\/ul>\n\n\n\n<blockquote class=\"wp-block-quote\">\n<p><em>\u00a0\u00bb J\u2019ai d\u00e9but\u00e9 l\u2019\u00e9tude et la pratique du Yoga en 1977 suite \u00e0 la d\u00e9couverte des livres de Lanza del Vasto, fondateur de la communaut\u00e9 de l\u2019arche, auteur d\u2019un livre devenu majeur pour la transmission de la pens\u00e9e indienne en France : \u00ab\u00a0Le p\u00e8lerinage aux sources\u00a0\u00bb. <\/em><br><em><strong>En 1983, Andr\u00e9e Laurent devient mon enseignante et mon fil conducteur dans le chemin du Yoga.<\/strong><\/em><br><em>Entre 1983 et 1993, je d\u00e9couvre avec Lou Voyette<\/em> <em>les textes fondateurs de la philosophie du Yoga. <\/em><br><em>Lou me fait d\u00e9couvrir \u00e9galement l\u2019\u0153uvre de Krisnamurti. <\/em><br><em><strong>En 1994, je rencontre O.P. Tiwari, le successeur de Swami Kuvalyananda \u00e0 la t\u00eate de Kaivalyadhama \u00e0 Lonavla en Inde, <\/strong>un institut de renomm\u00e9e internationale dans le domaine du Yoga, pionnier<\/em><br><em>dans la recherche <\/em><br><em>des applications du Yoga dans le domaine m\u00e9dical et sp\u00e9cialis\u00e9 dans la recherche et l\u2019\u00e9tude des textes anciens de la philosophie indienne. Tiwariji transmet un enseignement et une pratique du Yoga tr\u00e8s purs <\/em><br><em>et traditionnels. Je suis assidument son enseignement en France et en Inde. <\/em><br><em><strong>En 2002, j&rsquo;obtiens le dipl\u00f4me pour l&rsquo;enseignement du Yoga dispens\u00e9 par la branche fran\u00e7aise <\/strong><\/em><br><em><strong>de Kaivalyadhama. <\/strong><\/em><strong><br><\/strong><em><strong>En 2008, j\u2019obtiens \u00e9galement un certificat de Pranayama<\/strong> : \u00ab\u00a0Breath Pranayama Certificate Course\u00a0\u00bb <\/em><br><em>\u00e0 Kaivalyadhama Lonavla.<\/em>\u00ab\u00a0<\/p>\n<\/blockquote>\n\n\n\n<ul>\n<li><strong>Anne-Lise Chavent<\/strong> : intervenante lors des stages organis\u00e9s par Germepi.<\/li>\n<\/ul>\n\n\n\n<ul>\n<li><strong>\u00c9lisabeth Sauldubois<\/strong> : cours \u00e0 Pagnoz avec Germepi, ainsi qu&rsquo;\u00e0 Arbois (Association 13 \u00c9ph\u00e9m\u00e8re) et Poligny (La S\u00e9quanaise)<\/li>\n<\/ul>\n\n\n\n<blockquote class=\"wp-block-quote\">\n<p><em>\u00ab\u00a0J&rsquo;ai d\u00e9couvert le Yoga selon Iyengar  puis le Hatha-Yoga de l&rsquo;Energie. <strong>Certifi\u00e9e Professeure de Yoga <\/strong><\/em><br><em><strong>par  l&rsquo;E.F.Y.L<\/strong> (actuelle E.FY.A.R.A). Membre de : U.C.Y., GERMEPI.<br><strong>Je suis depuis plusieurs ann\u00e9es les cours et stages avec \u00c9lisabeth Alixant et l\u2019enseignement <\/strong><\/em><br><em><strong>de Sudhir Tiwari dans la lign\u00e9e de Kaivalyadhama.<\/strong><br>Je continue \u00e0 explorer l&rsquo;univers du Yoga aupr\u00e8s de divers enseignants.<br>Pendant la s\u00e9ance, j&rsquo;invite \u00e0 : ressentir le corps et le souffle intimement unifi\u00e9s, s&rsquo;ajuster dans les  postures afin de respecter ses possibilit\u00e9s du moment, vivre pleinement l&rsquo;instant pr\u00e9sent, mettre un peu de Yoga <\/em><br><em>dans son quotidien pour prendre soin de soi.<br>Avec douceur, pers\u00e9v\u00e9rance, patience,  la pratique du Yoga peut apporter une meilleure conscience <\/em><br><em>de l&rsquo;\u00e9nergie  de vie qui nous anime et nous relie.<\/em>\u00ab\u00a0<\/p>\n<\/blockquote>\n\n\n\n<ul>\n<li><strong>Sabine Th\u00e9resse<\/strong> : cours enfants \u00e0 Pagnoz avec Germepi, ainsi qu&rsquo;\u00e0 Salins-les-Bains (<a href=\"https:\/\/althair-salins.com\/\">Association Altha\u00efr<\/a>), Arbois (Association 13 \u00c9ph\u00e9m\u00e8re) et Arc-et-Senans (Association Yoga&rsquo;Mains).<\/li>\n<\/ul>\n\n\n\n<blockquote class=\"wp-block-quote\">\n<p>\u00ab\u00a0<em>\u00c9ducatrice de jeunes enfants de formation, j&rsquo;ai d\u00e9couvert le Yoga, un peu par hasard, aupr\u00e8s d\u2019\u00c9lisabeth Alixant en 2009. Et j&rsquo;ai d\u00e9cid\u00e9 au fil des ann\u00e9es d&rsquo;y faire avancer mes pas, pour suivre ce long cheminement vers le Soi&#8230;<\/em><br><strong><em>Depuis, je participe toujours aux cours hebdomadaires d\u2019\u00c9lisabeth et aux diff\u00e9rents stages propos\u00e9s par l&rsquo;Association Germepi et par Kaivalyadh<\/em><\/strong><em><strong>ama (enseignement de Sudhir Tiwari<\/strong><\/em><strong>).<\/strong><br><em>En 2017, je d\u00e9cide de me former en yoga pour enfants, \u00e0 travers l\u2019enseignement transmis par le RYE (Recherche sur le Yoga dans l\u2019\u00c9ducation), fond\u00e9 il y a plus de 40 ans par Micheline Flak et Jacques de Coulon.<\/em> <strong>En 2019, j&rsquo;obtiens la Certification RYE<\/strong>.\u00a0\u00bb<\/p>\n<\/blockquote>\n\n\n\n<h4 class=\"wp-block-heading\"><br><strong>Au Conseil d&rsquo;Administration<\/strong>&#8230;<\/h4>\n\n\n\n<ul>\n<li>Andr\u00e9e Laurent, <em>Pr\u00e9sidente d&rsquo;honneur<\/em><\/li>\n\n\n\n<li>Val\u00e9rie Rameaux, <em>Pr\u00e9sidente<\/em><\/li>\n\n\n\n<li>Anne-Lise Chavent, <em>Secr\u00e9taire<\/em><\/li>\n\n\n\n<li>Caroline Dulac, <em>Tr\u00e9sori\u00e8re<\/em><\/li>\n\n\n\n<li>\u00c9lisabeth Alixant, <em>membre<\/em><\/li>\n\n\n\n<li>Renaud Bellemere, <em>membre   <\/em>    <\/li>\n\n\n\n<li>\u00c9lisabeth Sauldubois, <em>membre     <\/em>  <\/li>\n\n\n\n<li>Sabine Th\u00e9resse, <em>membre  <\/em>     <\/li>\n\n\n\n<li>Colette Berthod, <em>membre<\/em><\/li>\n\n\n\n<li>Mich\u00e8le Faivre-Miny, <em>membre<\/em><\/li>\n<\/ul>\n","protected":false},"excerpt":{"rendered":"<p>Germepi est une association loi 1901 qui \u0153uvre depuis 25 ans pour diffuser un yoga li\u00e9 \u00e0 la tradition, \u00e0 travers des cours hebdomadaires, des stages, des temps d&rsquo;\u00e9changes et de rencontres. Elle est bas\u00e9e \u00e0 Salins-les-Bains, au c\u0153ur du Jura, et compte aujourd&rsquo;hui pr\u00e8s de 150 adh\u00e9rents. Dans les cours et les stages&#8230; \u00ab\u00a0En 1961, un livre de Lucien Ferrer me fait d\u00e9couvrir le yoga. De 1973 \u00e0 1976, les cours de yoga de Nelly Chablot me donnent envie de l\u2019enseigner, ils m\u2019ont aid\u00e9e \u00e0 gu\u00e9rir.De 1976 \u00e0 1981, j\u2019assiste aux stages de D. et A. Van Lysebeth. De 1979 \u00e0 1987, je d\u00e9couvre le yoga de l\u2019\u00e9nergie avec Roger Clerc (Lucien Ferrer fut son enseignant), \u00e9cole d\u2019Evian.En 1993, je rencontre Shri O.P. Tiwari et de 1994 \u00e0 20 .. , il anime un stage d\u2019une semaine \u00e0 Salins-les-Bains, dans ma salle, puis \u00e0 Pagnoz.Depuis 1979, j\u2019ai enseign\u00e9 le yoga \u00e0 Joigny, Migennes, Reims, Vesoul, puis Salins-les-Bains.Et depuis 20.. , \u00c9lisabeth Alixant et Renaud Bellemere ont pris la suite de mes cours. J\u2019en garde un seul, avec Bonheur.\u00ab\u00a0 \u00a0\u00bb J\u2019ai d\u00e9but\u00e9 l\u2019\u00e9tude et la pratique du Yoga en 1977 suite \u00e0 la d\u00e9couverte des livres de Lanza del Vasto, fondateur de la communaut\u00e9 de l\u2019arche, auteur d\u2019un livre devenu majeur pour la transmission de la pens\u00e9e indienne en France : \u00ab\u00a0Le p\u00e8lerinage aux sources\u00a0\u00bb. En 1983, Andr\u00e9e Laurent devient mon enseignante et mon fil conducteur dans le chemin du Yoga.Entre 1983 et 1993, je d\u00e9couvre avec Lou Voyette les textes fondateurs de la philosophie du Yoga. Lou me fait d\u00e9couvrir \u00e9galement l\u2019\u0153uvre de Krisnamurti. En 1994, je rencontre O.P. Tiwari, le successeur de Swami Kuvalyananda \u00e0 la t\u00eate de Kaivalyadhama \u00e0 Lonavla en Inde, un institut de renomm\u00e9e internationale dans le domaine du Yoga, pionnierdans la recherche des applications du Yoga dans le domaine m\u00e9dical et sp\u00e9cialis\u00e9 dans la recherche et l\u2019\u00e9tude des textes anciens de la philosophie indienne. Tiwariji transmet un enseignement et une pratique du Yoga tr\u00e8s purs et traditionnels. Je suis assidument son enseignement en France et en Inde. En 2002, j&rsquo;obtiens le dipl\u00f4me pour l&rsquo;enseignement du Yoga dispens\u00e9 par la branche fran\u00e7aise de Kaivalyadhama. En 2008, j\u2019obtiens \u00e9galement un certificat de Pranayama : \u00ab\u00a0Breath Pranayama Certificate Course\u00a0\u00bb \u00e0 Kaivalyadhama Lonavla.\u00ab\u00a0 \u00ab\u00a0J&rsquo;ai d\u00e9couvert le Yoga selon Iyengar puis le Hatha-Yoga de l&rsquo;Energie. Certifi\u00e9e Professeure de Yoga par l&rsquo;E.F.Y.L (actuelle E.FY.A.R.A). Membre de : U.C.Y., GERMEPI.Je suis depuis plusieurs ann\u00e9es les cours et stages avec \u00c9lisabeth Alixant et l\u2019enseignement de Sudhir Tiwari dans la lign\u00e9e de Kaivalyadhama.Je continue \u00e0 explorer l&rsquo;univers du Yoga aupr\u00e8s de divers enseignants.Pendant la s\u00e9ance, j&rsquo;invite \u00e0 : ressentir le corps et le souffle intimement unifi\u00e9s, s&rsquo;ajuster dans les postures afin de respecter ses possibilit\u00e9s du moment, vivre pleinement l&rsquo;instant pr\u00e9sent, mettre un peu de Yoga dans son quotidien pour prendre soin de soi.Avec douceur, pers\u00e9v\u00e9rance, patience, la pratique du Yoga peut apporter une meilleure conscience de l&rsquo;\u00e9nergie de vie qui nous anime et nous relie.\u00ab\u00a0 \u00ab\u00a0\u00c9ducatrice de jeunes enfants de formation, j&rsquo;ai d\u00e9couvert le Yoga, un peu par hasard, aupr\u00e8s d\u2019\u00c9lisabeth Alixant en 2009. Et j&rsquo;ai d\u00e9cid\u00e9 au fil des ann\u00e9es d&rsquo;y faire avancer mes pas, pour suivre ce long cheminement vers le Soi&#8230;Depuis, je participe toujours aux cours hebdomadaires d\u2019\u00c9lisabeth et aux diff\u00e9rents stages propos\u00e9s par l&rsquo;Association Germepi et par Kaivalyadhama (enseignement de Sudhir Tiwari).En 2017, je d\u00e9cide de me former en yoga pour enfants, \u00e0 travers l\u2019enseignement transmis par le RYE (Recherche sur le Yoga dans l\u2019\u00c9ducation), fond\u00e9 il y a plus de 40 ans par Micheline Flak et Jacques de Coulon. En 2019, j&rsquo;obtiens la Certification RYE.\u00a0\u00bb Au Conseil d&rsquo;Administration&#8230;<\/p>\n","protected":false},"author":1,"featured_media":0,"parent":0,"menu_order":0,"comment_status":"closed","ping_status":"closed","template":"","meta":[],"yoast_head":"<!-- This site is optimized with the Yoast SEO plugin v15.7 - https:\/\/yoast.com\/wordpress\/plugins\/seo\/ -->\n<title>Qui sommes-nous ? - germepi<\/title>\n<meta name=\"robots\" content=\"index, follow, max-snippet:-1, max-image-preview:large, max-video-preview:-1\" \/>\n<link rel=\"canonical\" href=\"https:\/\/germepi.fr\/?page_id=19\" \/>\n<meta property=\"og:locale\" content=\"fr_FR\" \/>\n<meta property=\"og:type\" content=\"article\" \/>\n<meta property=\"og:title\" content=\"Qui sommes-nous ? - germepi\" \/>\n<meta property=\"og:description\" content=\"Germepi est une association loi 1901 qui \u0153uvre depuis 25 ans pour diffuser un yoga li\u00e9 \u00e0 la tradition, \u00e0 travers des cours hebdomadaires, des stages, des temps d&rsquo;\u00e9changes et de rencontres. Elle est bas\u00e9e \u00e0 Salins-les-Bains, au c\u0153ur du Jura, et compte aujourd&rsquo;hui pr\u00e8s de 150 adh\u00e9rents. Dans les cours et les stages&#8230; \u00ab\u00a0En 1961, un livre de Lucien Ferrer me fait d\u00e9couvrir le yoga. De 1973 \u00e0 1976, les cours de yoga de Nelly Chablot me donnent envie de l\u2019enseigner, ils m\u2019ont aid\u00e9e \u00e0 gu\u00e9rir.De 1976 \u00e0 1981, j\u2019assiste aux stages de D. et A. Van Lysebeth. De 1979 \u00e0 1987, je d\u00e9couvre le yoga de l\u2019\u00e9nergie avec Roger Clerc (Lucien Ferrer fut son enseignant), \u00e9cole d\u2019Evian.En 1993, je rencontre Shri O.P. Tiwari et de 1994 \u00e0 20 .. , il anime un stage d\u2019une semaine \u00e0 Salins-les-Bains, dans ma salle, puis \u00e0 Pagnoz.Depuis 1979, j\u2019ai enseign\u00e9 le yoga \u00e0 Joigny, Migennes, Reims, Vesoul, puis Salins-les-Bains.Et depuis 20.. , \u00c9lisabeth Alixant et Renaud Bellemere ont pris la suite de mes cours. J\u2019en garde un seul, avec Bonheur.\u00ab\u00a0 \u00a0\u00bb J\u2019ai d\u00e9but\u00e9 l\u2019\u00e9tude et la pratique du Yoga en 1977 suite \u00e0 la d\u00e9couverte des livres de Lanza del Vasto, fondateur de la communaut\u00e9 de l\u2019arche, auteur d\u2019un livre devenu majeur pour la transmission de la pens\u00e9e indienne en France : \u00ab\u00a0Le p\u00e8lerinage aux sources\u00a0\u00bb. En 1983, Andr\u00e9e Laurent devient mon enseignante et mon fil conducteur dans le chemin du Yoga.Entre 1983 et 1993, je d\u00e9couvre avec Lou Voyette les textes fondateurs de la philosophie du Yoga. Lou me fait d\u00e9couvrir \u00e9galement l\u2019\u0153uvre de Krisnamurti. En 1994, je rencontre O.P. Tiwari, le successeur de Swami Kuvalyananda \u00e0 la t\u00eate de Kaivalyadhama \u00e0 Lonavla en Inde, un institut de renomm\u00e9e internationale dans le domaine du Yoga, pionnierdans la recherche des applications du Yoga dans le domaine m\u00e9dical et sp\u00e9cialis\u00e9 dans la recherche et l\u2019\u00e9tude des textes anciens de la philosophie indienne. Tiwariji transmet un enseignement et une pratique du Yoga tr\u00e8s purs et traditionnels. Je suis assidument son enseignement en France et en Inde. En 2002, j&rsquo;obtiens le dipl\u00f4me pour l&rsquo;enseignement du Yoga dispens\u00e9 par la branche fran\u00e7aise de Kaivalyadhama. En 2008, j\u2019obtiens \u00e9galement un certificat de Pranayama : \u00ab\u00a0Breath Pranayama Certificate Course\u00a0\u00bb \u00e0 Kaivalyadhama Lonavla.\u00ab\u00a0 \u00ab\u00a0J&rsquo;ai d\u00e9couvert le Yoga selon Iyengar puis le Hatha-Yoga de l&rsquo;Energie. Certifi\u00e9e Professeure de Yoga par l&rsquo;E.F.Y.L (actuelle E.FY.A.R.A). Membre de : U.C.Y., GERMEPI.Je suis depuis plusieurs ann\u00e9es les cours et stages avec \u00c9lisabeth Alixant et l\u2019enseignement de Sudhir Tiwari dans la lign\u00e9e de Kaivalyadhama.Je continue \u00e0 explorer l&rsquo;univers du Yoga aupr\u00e8s de divers enseignants.Pendant la s\u00e9ance, j&rsquo;invite \u00e0 : ressentir le corps et le souffle intimement unifi\u00e9s, s&rsquo;ajuster dans les postures afin de respecter ses possibilit\u00e9s du moment, vivre pleinement l&rsquo;instant pr\u00e9sent, mettre un peu de Yoga dans son quotidien pour prendre soin de soi.Avec douceur, pers\u00e9v\u00e9rance, patience, la pratique du Yoga peut apporter une meilleure conscience de l&rsquo;\u00e9nergie de vie qui nous anime et nous relie.\u00ab\u00a0 \u00ab\u00a0\u00c9ducatrice de jeunes enfants de formation, j&rsquo;ai d\u00e9couvert le Yoga, un peu par hasard, aupr\u00e8s d\u2019\u00c9lisabeth Alixant en 2009. Et j&rsquo;ai d\u00e9cid\u00e9 au fil des ann\u00e9es d&rsquo;y faire avancer mes pas, pour suivre ce long cheminement vers le Soi&#8230;Depuis, je participe toujours aux cours hebdomadaires d\u2019\u00c9lisabeth et aux diff\u00e9rents stages propos\u00e9s par l&rsquo;Association Germepi et par Kaivalyadhama (enseignement de Sudhir Tiwari).En 2017, je d\u00e9cide de me former en yoga pour enfants, \u00e0 travers l\u2019enseignement transmis par le RYE (Recherche sur le Yoga dans l\u2019\u00c9ducation), fond\u00e9 il y a plus de 40 ans par Micheline Flak et Jacques de Coulon. En 2019, j&rsquo;obtiens la Certification RYE.\u00a0\u00bb Au Conseil d&rsquo;Administration&#8230;\" \/>\n<meta property=\"og:url\" content=\"https:\/\/germepi.fr\/?page_id=19\" \/>\n<meta property=\"og:site_name\" content=\"germepi\" \/>\n<meta property=\"article:modified_time\" content=\"2023-04-25T20:33:28+00:00\" \/>\n<meta property=\"og:image\" content=\"http:\/\/germepi.fr\/wp-content\/uploads\/2019\/10\/DSC00322-e1649939877847-1024x722.jpg\" \/>\n<meta name=\"twitter:card\" content=\"summary_large_image\" \/>\n<meta name=\"twitter:label1\" content=\"Dur\u00e9e de lecture est.\">\n\t<meta name=\"twitter:data1\" content=\"4 minutes\">\n<script type=\"application\/ld+json\" class=\"yoast-schema-graph\">{\"@context\":\"https:\/\/schema.org\",\"@graph\":[{\"@type\":\"WebSite\",\"@id\":\"http:\/\/germepi.fr\/#website\",\"url\":\"http:\/\/germepi.fr\/\",\"name\":\"germepi\",\"description\":\"Association d&#039;enseignement de yoga\",\"potentialAction\":[{\"@type\":\"SearchAction\",\"target\":\"http:\/\/germepi.fr\/?s={search_term_string}\",\"query-input\":\"required name=search_term_string\"}],\"inLanguage\":\"fr-FR\"},{\"@type\":\"ImageObject\",\"@id\":\"https:\/\/germepi.fr\/?page_id=19#primaryimage\",\"inLanguage\":\"fr-FR\",\"url\":\"http:\/\/germepi.fr\/wp-content\/uploads\/2019\/10\/DSC00322-e1649939877847-1024x722.jpg\"},{\"@type\":\"WebPage\",\"@id\":\"https:\/\/germepi.fr\/?page_id=19#webpage\",\"url\":\"https:\/\/germepi.fr\/?page_id=19\",\"name\":\"Qui sommes-nous ? - germepi\",\"isPartOf\":{\"@id\":\"http:\/\/germepi.fr\/#website\"},\"primaryImageOfPage\":{\"@id\":\"https:\/\/germepi.fr\/?page_id=19#primaryimage\"},\"datePublished\":\"2019-10-07T11:06:20+00:00\",\"dateModified\":\"2023-04-25T20:33:28+00:00\",\"inLanguage\":\"fr-FR\",\"potentialAction\":[{\"@type\":\"ReadAction\",\"target\":[\"https:\/\/germepi.fr\/?page_id=19\"]}]}]}<\/script>\n<!-- \/ Yoast SEO plugin. -->","_links":{"self":[{"href":"http:\/\/germepi.fr\/index.php?rest_route=\/wp\/v2\/pages\/19"}],"collection":[{"href":"http:\/\/germepi.fr\/index.php?rest_route=\/wp\/v2\/pages"}],"about":[{"href":"http:\/\/germepi.fr\/index.php?rest_route=\/wp\/v2\/types\/page"}],"author":[{"embeddable":true,"href":"http:\/\/germepi.fr\/index.php?rest_route=\/wp\/v2\/users\/1"}],"replies":[{"embeddable":true,"href":"http:\/\/germepi.fr\/index.php?rest_route=%2Fwp%2Fv2%2Fcomments&post=19"}],"version-history":[{"count":15,"href":"http:\/\/germepi.fr\/index.php?rest_route=\/wp\/v2\/pages\/19\/revisions"}],"predecessor-version":[{"id":770,"href":"http:\/\/germepi.fr\/index.php?rest_route=\/wp\/v2\/pages\/19\/revisions\/770"}],"wp:attachment":[{"href":"http:\/\/germepi.fr\/index.php?rest_route=%2Fwp%2Fv2%2Fmedia&parent=19"}],"curies":[{"name":"wp","href":"https:\/\/api.w.org\/{rel}","templated":true}]}}