{"id":14,"date":"2019-10-07T13:09:43","date_gmt":"2019-10-07T11:09:43","guid":{"rendered":"http:\/\/germepi.fr\/?page_id=14"},"modified":"2025-12-18T13:28:04","modified_gmt":"2025-12-18T12:28:04","slug":"stages-evenements","status":"publish","type":"page","link":"http:\/\/germepi.fr\/?page_id=14","title":{"rendered":"Stages \/ \u00e9v\u00e8nements"},"content":{"rendered":"\n<figure class=\"wp-block-gallery has-nested-images columns-default is-cropped wp-block-gallery-1 is-layout-flex\">\n<figure class=\"wp-block-image size-large\"><img decoding=\"async\" loading=\"lazy\" width=\"921\" height=\"1024\" data-id=\"76\"  src=\"http:\/\/germepi.fr\/wp-content\/uploads\/2019\/10\/IMGP1699-921x1024.jpg\" alt=\"\" class=\"wp-image-76\"\/><\/figure>\n\n\n\n<figure class=\"wp-block-image size-large\"><img decoding=\"async\" loading=\"lazy\" width=\"1024\" height=\"768\" data-id=\"107\"  src=\"http:\/\/germepi.fr\/wp-content\/uploads\/2019\/10\/https_padletuploads.blob_.core_.windows.net_prod_195625973_301fd8721c3106eb492098516c52e032_IMG_5246-1024x768.jpg\" alt=\"\" class=\"wp-image-107\"\/><\/figure>\n\n\n\n<figure class=\"wp-block-image size-large\"><img decoding=\"async\" loading=\"lazy\" width=\"785\" height=\"1024\" data-id=\"85\"  src=\"http:\/\/germepi.fr\/wp-content\/uploads\/2019\/10\/P1180767-e1571402717263-785x1024.jpg\" alt=\"\" class=\"wp-image-85\" srcset=\"http:\/\/germepi.fr\/wp-content\/uploads\/2019\/10\/P1180767-e1571402717263-785x1024.jpg 785w, http:\/\/germepi.fr\/wp-content\/uploads\/2019\/10\/P1180767-e1571402717263-230x300.jpg 230w, http:\/\/germepi.fr\/wp-content\/uploads\/2019\/10\/P1180767-e1571402717263-768x1002.jpg 768w, http:\/\/germepi.fr\/wp-content\/uploads\/2019\/10\/P1180767-e1571402717263-1140x1487.jpg 1140w\" sizes=\"(max-width: 785px) 100vw, 785px\" \/><\/figure>\n<\/figure>\n\n\n\n<h4 class=\"wp-block-heading\">Les stages organis\u00e9s par l&rsquo;association <\/h4>\n\n\n\n<h2 class=\"wp-block-heading\"><\/h2>\n\n\n\n<h2 class=\"wp-block-heading\"><strong>&gt; Stage \u00ab\u00a0Yoga et randonn\u00e9e, sur le chemin de Compostelle\u00a0\u00bb : du 13 au 19 octobre 2024<\/strong><\/h2>\n\n\n\n<p>*&nbsp;<strong>6 jours de marche<\/strong>, du Puy-en-Velay jusqu&rsquo;\u00e0 Aumont-Aubrac<br>* une moyenne de&nbsp;<strong>15 kms&nbsp;<\/strong>par jour, avec un d\u00e9nivel\u00e9 maximum de 500m<br>* du&nbsp;<strong>yoga&nbsp;<\/strong>au quotidien, en salle ou en ext\u00e9rieur, selon la m\u00e9t\u00e9o et les salles disponibles<br>* des nuit\u00e9es en&nbsp;<strong>g\u00eetes d&rsquo;\u00e9tape<\/strong>, en demi-pension et en chambres partag\u00e9es<br>* des temps de&nbsp;<strong>contemplation<\/strong>, de&nbsp;<strong>relaxation<\/strong>, de&nbsp;<strong>convivialit\u00e9&nbsp;<\/strong>et des&nbsp;<strong>fous rires<\/strong><br><br><em><strong>Vous trouverez toutes les informations pratiq<\/strong><\/em>ue<strong><em>s ci-dessous. N<\/em><\/strong><em><strong>&lsquo;h\u00e9sitez pas \u00e0 nous contacter si vous avez des questions<\/strong><\/em>.<\/p>\n\n\n\n<p><strong>Sabine Th\u00e9resse \/ 03.84.53.28.74 \/&nbsp;sabine.theresse@laposte.net<\/strong><br><strong>Ivan Mercier \/ 06.66.16.31.58 \/&nbsp;jivanyoga@protonmail.com<\/strong><\/p>\n\n\n\n<div class=\"wp-block-file\"><object class=\"wp-block-file__embed\" data=\"http:\/\/germepi.fr\/wp-content\/uploads\/2024\/07\/Dossier-Informations-Compostelle-Octobre-2024-Yoga-Randonnee.pdf\" type=\"application\/pdf\" style=\"width:100%;height:600px\" aria-label=\"Contenu embarqu\u00e9 Dossier-Informations-Compostelle-Octobre-2024-Yoga-Randonnee.\"><\/object><a id=\"wp-block-file--media-dff9a3c9-32e7-4787-b501-b336da4a4a6f\" href=\"http:\/\/germepi.fr\/wp-content\/uploads\/2024\/07\/Dossier-Informations-Compostelle-Octobre-2024-Yoga-Randonnee.pdf\">Dossier-Informations-Compostelle-Octobre-2024-Yoga-Randonnee<\/a><a href=\"http:\/\/germepi.fr\/wp-content\/uploads\/2024\/07\/Dossier-Informations-Compostelle-Octobre-2024-Yoga-Randonnee.pdf\" class=\"wp-block-file__button wp-element-button\" download aria-describedby=\"wp-block-file--media-dff9a3c9-32e7-4787-b501-b336da4a4a6f\">T\u00e9l\u00e9charger<\/a><\/div>\n\n\n\n<h2 class=\"wp-block-heading\"><strong>&gt; Stage \u00ab\u00a0Yoga et Chant\u00a0\u00bb : les 9 et 10 mars 2024<\/strong><\/h2>\n\n\n\n<p><strong>Avec \u00c9lisabeth ALIXANT &amp; Mich\u00e8le FAIVR<\/strong>E<br>Un stage pour m\u00ealer la voix, le corps et l&rsquo;esprit, en alternant des temps de pratique yogiques et des moments chant\u00e9s.<\/p>\n\n\n\n<h2 class=\"wp-block-heading\"><strong>&gt;<\/strong> <strong>Stage \u00ab\u00a0Yoga, M\u00e9ditation et Marche\u00a0\u00bb : du 10 au 13 juillet<\/strong> 2023<\/h2>\n\n\n\n<p>Le stage sera anim\u00e9 par Fran\u00e7ois Querini, professeur de yoga et accompagnateur en montagne et \u00c9lisabeth Alixant&nbsp;<br>Vous trouverez les informations et modalit\u00e9s ci-dessous :&nbsp;&nbsp;<\/p>\n\n\n\n<h2 class=\"wp-block-heading\">&gt; <strong>Stage \u00ab\u00a0Y<strong>oga et randonn\u00e9e, sur le chemin de Compostelle\u00a0\u00bb : <\/strong><\/strong>du 2 au 8 juillet 2023<\/h2>\n\n\n\n<p><strong>Avec \u00c9lisabeth ALIXANT &amp; Ivan MERCIER &#8211; Stage co-organis\u00e9 avec <strong>Jivan Yoga<\/strong><\/strong><\/p>\n\n\n\n<ul>\n<li><strong>6 jours de marche<\/strong>, du Puy-en-Velay jusqu&rsquo;\u00e0 Aumont-Aubrac<\/li>\n\n\n\n<li>une moyenne de&nbsp;<strong>15 kms<\/strong>&nbsp;par jour, avec un d\u00e9nivel\u00e9 maximum de 500 m<\/li>\n\n\n\n<li>du&nbsp;<strong>yoga<\/strong>&nbsp;au quotidien<\/li>\n\n\n\n<li>des nuit\u00e9es en&nbsp;<strong>g\u00eetes d&rsquo;\u00e9tape<\/strong>, en demi-pension et en chambres partag\u00e9es<\/li>\n\n\n\n<li>des temps de&nbsp;<strong>contemplation<\/strong>, de&nbsp;<strong>relaxation<\/strong>, de<strong>&nbsp;convivialit\u00e9&nbsp;<\/strong>et des<strong>&nbsp;fous rires<\/strong><\/li>\n<\/ul>\n\n\n\n<p>Si vous voulez nous rejoindre, vous pouvez contacter Ivan Mercier : <a href=\"mailto:jivanyoga@protonmail.com\" target=\"_blank\" rel=\"noreferrer noopener\">jivanyoga@protonmail.com<\/a> \/ 06.66.16.31.58<\/p>\n\n\n\n<h2 class=\"wp-block-heading\">&gt; <strong>Stage d&rsquo;\u00e9t\u00e9<\/strong>,<strong> en matin\u00e9es : <\/strong>les 1er, 2 et 3 septembre 2023<\/h2>\n\n\n\n<p><strong>Avec \u00c9lisabeth ALIXANT &#8211; \u00c9lisabeth SAULDUBOIS &#8211; Anne-Lise CHAVENT &amp; Sabine TH\u00c9RESSE<\/strong><br>Nous nous retrouverons \u00e0 Pagnoz sur 3 matin\u00e9es pour alterner postures, pranayama, m\u00e9ditations ou autres kriyas, ainsi que des temps d\u2019\u00e9changes th\u00e9oriques autour du yoga<\/p>\n\n\n\n<figure class=\"wp-block-image size-large is-resized\"><img decoding=\"async\" loading=\"lazy\" src=\"http:\/\/germepi.fr\/wp-content\/uploads\/2023\/04\/processed-33fd34e3-94b0-4223-8bcc-d4cb62bbc5f4_P2c4BVKt-edited-1-scaled.jpeg\" alt=\"\" class=\"wp-image-765\" width=\"720\" height=\"404\" srcset=\"http:\/\/germepi.fr\/wp-content\/uploads\/2023\/04\/processed-33fd34e3-94b0-4223-8bcc-d4cb62bbc5f4_P2c4BVKt-edited-1-scaled.jpeg 2560w, http:\/\/germepi.fr\/wp-content\/uploads\/2023\/04\/processed-33fd34e3-94b0-4223-8bcc-d4cb62bbc5f4_P2c4BVKt-edited-1-300x169.jpeg 300w, http:\/\/germepi.fr\/wp-content\/uploads\/2023\/04\/processed-33fd34e3-94b0-4223-8bcc-d4cb62bbc5f4_P2c4BVKt-edited-1-1024x576.jpeg 1024w, http:\/\/germepi.fr\/wp-content\/uploads\/2023\/04\/processed-33fd34e3-94b0-4223-8bcc-d4cb62bbc5f4_P2c4BVKt-edited-1-768x432.jpeg 768w, http:\/\/germepi.fr\/wp-content\/uploads\/2023\/04\/processed-33fd34e3-94b0-4223-8bcc-d4cb62bbc5f4_P2c4BVKt-edited-1-1536x864.jpeg 1536w, http:\/\/germepi.fr\/wp-content\/uploads\/2023\/04\/processed-33fd34e3-94b0-4223-8bcc-d4cb62bbc5f4_P2c4BVKt-edited-1-2048x1152.jpeg 2048w, http:\/\/germepi.fr\/wp-content\/uploads\/2023\/04\/processed-33fd34e3-94b0-4223-8bcc-d4cb62bbc5f4_P2c4BVKt-edited-1-1140x641.jpeg 1140w\" sizes=\"(max-width: 720px) 100vw, 720px\" \/><\/figure>\n\n\n\n<h2 class=\"wp-block-heading\">&#8211; &#8211; &#8211; &#8211; &#8211; &#8211; &#8211; &#8211; &#8211; &#8211; &#8211; &#8211; &#8211; &#8211; &#8211; &#8211; &#8211; &#8211; &#8211; &#8211; &#8211; &#8211; &#8211; &#8211; &#8211; &#8211; &#8211; &#8211; &#8211; &#8211; &#8211; &#8211; &#8211;<\/h2>\n\n\n\n<h4 class=\"wp-block-heading\">Les stages accueillis par l&rsquo;association<\/h4>\n\n\n\n<h2 class=\"wp-block-heading\"><strong><strong>><\/strong><\/strong> <strong><strong>Stage yoga &#8211; Sudhir Tiwari : <\/strong><\/strong>du 15 au 19 avril 2026<\/h2>\n\n\n\n<p>Le stage m\u00eale enseignements pratique et th\u00e9orique sur 4 jours et demi.<\/p>\n\n\n\n<p>Pendant ces journ\u00e9es, Sudhir Tiwari nous fera d\u00e9couvrir le texte <em><strong>Sadhana Pancakam &#8211; Cinq versets sur la discipline spirituelle <\/strong><\/em>&#8211; compos\u00e9 par Adi Shankara, ma\u00eetre de la Non dualit\u00e9, et comment\u00e9 par Swami Chinmayananda. Dans ces cinq versets, le grand sage et philosophe indien donne des instructions pr\u00e9cises pour atteindre l\u2019accomplissement spirituel, l\u2019\u00e9tat d&rsquo;\u00c9veil. <\/p>\n\n\n\n<p><strong>TARIFS Enseignement <\/strong>(6h30 d&rsquo;enseignement quotidien) :<br>&#8211; tarif normal 325 \u20ac<br>&#8211; tarif solidaire 275 \u20ac<br>&#8211; tarif soutien 350 \u20ac<br>&#8211; \u00e0 la journ\u00e9e 70\u20ac (en fonction du nombre de places)<br><br>Toutes les informations sont sur le site&nbsp;: <a href=\"http:\/\/www.kdham.fr\/\" target=\"_blank\" rel=\"noreferrer noopener\">www.kdham.fr<\/a><br><a href=\"https:\/\/www.kdham.fr\/stages\" target=\"_blank\" rel=\"noreferrer noopener\">https:\/\/www.kdham.fr\/stages<\/a><\/p>\n\n\n\n<h2 class=\"wp-block-heading\"><strong><strong>><\/strong><\/strong> <strong><strong>Stage yoga &#8211; danse biodynamique : <\/strong><\/strong>les 17 et 18 f\u00e9vrier 2024<\/h2>\n\n\n\n<p><strong>Avec Swati SHARMA &amp; \u00c9lisabeth ALIXANT<\/strong><br>Ce stage, accueilli \u00e0 Pagnoz, est organis\u00e9 par l&rsquo;association YOGA &#8211; Science et Tradition. Vous trouverez les informations sur <a href=\"http:\/\/www.kdham.fr\" target=\"_blank\" rel=\"noreferrer noopener\">https:\/\/www.kdham.<\/a><a href=\"https:\/\/www.kdham.fr\/\" target=\"_blank\" rel=\"noreferrer noopener\">fr<\/a>.<\/p>\n\n\n\n<h2 class=\"wp-block-heading\"><strong>&gt;<\/strong> <strong>Stage yoga : octobre<\/strong> 2024<\/h2>\n\n\n\n<p><strong>Avec Sudhir TIWARI<\/strong><\/p>\n\n\n\n<p>Depuis plusieurs ann\u00e9es, Shri Sudhir Tiwari nous propose un stage de pratique sur plusieurs jours, o\u00f9 nous alternons asanas, pranayama et th\u00e9orie. Trois journ\u00e9es d&rsquo;enseignement, accessibles aux personnes de tous niveaux. <em>Stage organis\u00e9 par Yoga &#8211; Science &amp; Tradition.<\/em><\/p>\n\n\n\n<p><strong>Nous accueillerons \u00e0 nouveau Sudhir Tiwari&nbsp;du 23 au 27 octobre 2024, sur le th\u00e8me du \u00ab\u00a0Vedanta\u00a0\u00bb.<\/strong><\/p>\n\n\n\n<p>Toutes les informations sont sur le site&nbsp;<a href=\"http:\/\/www.kdham.fr\/\" target=\"_blank\" rel=\"noreferrer noopener\">www.kdham.fr<\/a><br><a href=\"https:\/\/www.kdham.fr\/stages\" target=\"_blank\" rel=\"noreferrer noopener\">https:\/\/www.kdham.fr\/stages<\/a><\/p>\n","protected":false},"excerpt":{"rendered":"<p>Les stages organis\u00e9s par l&rsquo;association &gt; Stage \u00ab\u00a0Yoga et randonn\u00e9e, sur le chemin de Compostelle\u00a0\u00bb : du 13 au 19 octobre 2024 *&nbsp;6 jours de marche, du Puy-en-Velay jusqu&rsquo;\u00e0 Aumont-Aubrac* une moyenne de&nbsp;15 kms&nbsp;par jour, avec un d\u00e9nivel\u00e9 maximum de 500m* du&nbsp;yoga&nbsp;au quotidien, en salle ou en ext\u00e9rieur, selon la m\u00e9t\u00e9o et les salles disponibles* des nuit\u00e9es en&nbsp;g\u00eetes d&rsquo;\u00e9tape, en demi-pension et en chambres partag\u00e9es* des temps de&nbsp;contemplation, de&nbsp;relaxation, de&nbsp;convivialit\u00e9&nbsp;et des&nbsp;fous rires Vous trouverez toutes les informations pratiques ci-dessous. N&lsquo;h\u00e9sitez pas \u00e0 nous contacter si vous avez des questions. Sabine Th\u00e9resse \/ 03.84.53.28.74 \/&nbsp;sabine.theresse@laposte.netIvan Mercier \/ 06.66.16.31.58 \/&nbsp;jivanyoga@protonmail.com &gt; Stage \u00ab\u00a0Yoga et Chant\u00a0\u00bb : les 9 et 10 mars 2024 Avec \u00c9lisabeth ALIXANT &amp; Mich\u00e8le FAIVREUn stage pour m\u00ealer la voix, le corps et l&rsquo;esprit, en alternant des temps de pratique yogiques et des moments chant\u00e9s. &gt; Stage \u00ab\u00a0Yoga, M\u00e9ditation et Marche\u00a0\u00bb : du 10 au 13 juillet 2023 Le stage sera anim\u00e9 par Fran\u00e7ois Querini, professeur de yoga et accompagnateur en montagne et \u00c9lisabeth Alixant&nbsp;Vous trouverez les informations et modalit\u00e9s ci-dessous :&nbsp;&nbsp; &gt; Stage \u00ab\u00a0Yoga et randonn\u00e9e, sur le chemin de Compostelle\u00a0\u00bb : du 2 au 8 juillet 2023 Avec \u00c9lisabeth ALIXANT &amp; Ivan MERCIER &#8211; Stage co-organis\u00e9 avec Jivan Yoga Si vous voulez nous rejoindre, vous pouvez contacter Ivan Mercier : jivanyoga@protonmail.com \/ 06.66.16.31.58 &gt; Stage d&rsquo;\u00e9t\u00e9, en matin\u00e9es : les 1er, 2 et 3 septembre 2023 Avec \u00c9lisabeth ALIXANT &#8211; \u00c9lisabeth SAULDUBOIS &#8211; Anne-Lise CHAVENT &amp; Sabine TH\u00c9RESSENous nous retrouverons \u00e0 Pagnoz sur 3 matin\u00e9es pour alterner postures, pranayama, m\u00e9ditations ou autres kriyas, ainsi que des temps d\u2019\u00e9changes th\u00e9oriques autour du yoga &#8211; &#8211; &#8211; &#8211; &#8211; &#8211; &#8211; &#8211; &#8211; &#8211; &#8211; &#8211; &#8211; &#8211; &#8211; &#8211; &#8211; &#8211; &#8211; &#8211; &#8211; &#8211; &#8211; &#8211; &#8211; &#8211; &#8211; &#8211; &#8211; &#8211; &#8211; &#8211; &#8211; Les stages accueillis par l&rsquo;association > Stage yoga &#8211; Sudhir Tiwari : du 15 au 19 avril 2026 Le stage m\u00eale enseignements pratique et th\u00e9orique sur 4 jours et demi. Pendant ces journ\u00e9es, Sudhir Tiwari nous fera d\u00e9couvrir le texte Sadhana Pancakam &#8211; Cinq versets sur la discipline spirituelle &#8211; compos\u00e9 par Adi Shankara, ma\u00eetre de la Non dualit\u00e9, et comment\u00e9 par Swami Chinmayananda. Dans ces cinq versets, le grand sage et philosophe indien donne des instructions pr\u00e9cises pour atteindre l\u2019accomplissement spirituel, l\u2019\u00e9tat d&rsquo;\u00c9veil. TARIFS Enseignement (6h30 d&rsquo;enseignement quotidien) :&#8211; tarif normal 325 \u20ac&#8211; tarif solidaire 275 \u20ac&#8211; tarif soutien 350 \u20ac&#8211; \u00e0 la journ\u00e9e 70\u20ac (en fonction du nombre de places) Toutes les informations sont sur le site&nbsp;: www.kdham.frhttps:\/\/www.kdham.fr\/stages > Stage yoga &#8211; danse biodynamique : les 17 et 18 f\u00e9vrier 2024 Avec Swati SHARMA &amp; \u00c9lisabeth ALIXANTCe stage, accueilli \u00e0 Pagnoz, est organis\u00e9 par l&rsquo;association YOGA &#8211; Science et Tradition. Vous trouverez les informations sur https:\/\/www.kdham.fr. &gt; Stage yoga : octobre 2024 Avec Sudhir TIWARI Depuis plusieurs ann\u00e9es, Shri Sudhir Tiwari nous propose un stage de pratique sur plusieurs jours, o\u00f9 nous alternons asanas, pranayama et th\u00e9orie. Trois journ\u00e9es d&rsquo;enseignement, accessibles aux personnes de tous niveaux. Stage organis\u00e9 par Yoga &#8211; Science &amp; Tradition. Nous accueillerons \u00e0 nouveau Sudhir Tiwari&nbsp;du 23 au 27 octobre 2024, sur le th\u00e8me du \u00ab\u00a0Vedanta\u00a0\u00bb. Toutes les informations sont sur le site&nbsp;www.kdham.frhttps:\/\/www.kdham.fr\/stages<\/p>\n","protected":false},"author":1,"featured_media":0,"parent":0,"menu_order":0,"comment_status":"closed","ping_status":"closed","template":"","meta":[],"yoast_head":"<!-- This site is optimized with the Yoast SEO plugin v15.7 - https:\/\/yoast.com\/wordpress\/plugins\/seo\/ -->\n<title>Stages \/ \u00e9v\u00e8nements - germepi<\/title>\n<meta name=\"robots\" content=\"index, follow, max-snippet:-1, max-image-preview:large, max-video-preview:-1\" \/>\n<link rel=\"canonical\" href=\"https:\/\/germepi.fr\/?page_id=14\" \/>\n<meta property=\"og:locale\" content=\"fr_FR\" \/>\n<meta property=\"og:type\" content=\"article\" \/>\n<meta property=\"og:title\" content=\"Stages \/ \u00e9v\u00e8nements - germepi\" \/>\n<meta property=\"og:description\" content=\"Les stages organis\u00e9s par l&rsquo;association &gt; Stage \u00ab\u00a0Yoga et randonn\u00e9e, sur le chemin de Compostelle\u00a0\u00bb : du 13 au 19 octobre 2024 *&nbsp;6 jours de marche, du Puy-en-Velay jusqu&rsquo;\u00e0 Aumont-Aubrac* une moyenne de&nbsp;15 kms&nbsp;par jour, avec un d\u00e9nivel\u00e9 maximum de 500m* du&nbsp;yoga&nbsp;au quotidien, en salle ou en ext\u00e9rieur, selon la m\u00e9t\u00e9o et les salles disponibles* des nuit\u00e9es en&nbsp;g\u00eetes d&rsquo;\u00e9tape, en demi-pension et en chambres partag\u00e9es* des temps de&nbsp;contemplation, de&nbsp;relaxation, de&nbsp;convivialit\u00e9&nbsp;et des&nbsp;fous rires Vous trouverez toutes les informations pratiques ci-dessous. N&lsquo;h\u00e9sitez pas \u00e0 nous contacter si vous avez des questions. Sabine Th\u00e9resse \/ 03.84.53.28.74 \/&nbsp;sabine.theresse@laposte.netIvan Mercier \/ 06.66.16.31.58 \/&nbsp;jivanyoga@protonmail.com &gt; Stage \u00ab\u00a0Yoga et Chant\u00a0\u00bb : les 9 et 10 mars 2024 Avec \u00c9lisabeth ALIXANT &amp; Mich\u00e8le FAIVREUn stage pour m\u00ealer la voix, le corps et l&rsquo;esprit, en alternant des temps de pratique yogiques et des moments chant\u00e9s. &gt; Stage \u00ab\u00a0Yoga, M\u00e9ditation et Marche\u00a0\u00bb : du 10 au 13 juillet 2023 Le stage sera anim\u00e9 par Fran\u00e7ois Querini, professeur de yoga et accompagnateur en montagne et \u00c9lisabeth Alixant&nbsp;Vous trouverez les informations et modalit\u00e9s ci-dessous :&nbsp;&nbsp; &gt; Stage \u00ab\u00a0Yoga et randonn\u00e9e, sur le chemin de Compostelle\u00a0\u00bb : du 2 au 8 juillet 2023 Avec \u00c9lisabeth ALIXANT &amp; Ivan MERCIER &#8211; Stage co-organis\u00e9 avec Jivan Yoga Si vous voulez nous rejoindre, vous pouvez contacter Ivan Mercier : jivanyoga@protonmail.com \/ 06.66.16.31.58 &gt; Stage d&rsquo;\u00e9t\u00e9, en matin\u00e9es : les 1er, 2 et 3 septembre 2023 Avec \u00c9lisabeth ALIXANT &#8211; \u00c9lisabeth SAULDUBOIS &#8211; Anne-Lise CHAVENT &amp; Sabine TH\u00c9RESSENous nous retrouverons \u00e0 Pagnoz sur 3 matin\u00e9es pour alterner postures, pranayama, m\u00e9ditations ou autres kriyas, ainsi que des temps d\u2019\u00e9changes th\u00e9oriques autour du yoga &#8211; &#8211; &#8211; &#8211; &#8211; &#8211; &#8211; &#8211; &#8211; &#8211; &#8211; &#8211; &#8211; &#8211; &#8211; &#8211; &#8211; &#8211; &#8211; &#8211; &#8211; &#8211; &#8211; &#8211; &#8211; &#8211; &#8211; &#8211; &#8211; &#8211; &#8211; &#8211; &#8211; Les stages accueillis par l&rsquo;association &gt; Stage yoga &#8211; Sudhir Tiwari : du 15 au 19 avril 2026 Le stage m\u00eale enseignements pratique et th\u00e9orique sur 4 jours et demi. Pendant ces journ\u00e9es, Sudhir Tiwari nous fera d\u00e9couvrir le texte Sadhana Pancakam &#8211; Cinq versets sur la discipline spirituelle &#8211; compos\u00e9 par Adi Shankara, ma\u00eetre de la Non dualit\u00e9, et comment\u00e9 par Swami Chinmayananda. Dans ces cinq versets, le grand sage et philosophe indien donne des instructions pr\u00e9cises pour atteindre l\u2019accomplissement spirituel, l\u2019\u00e9tat d&rsquo;\u00c9veil. TARIFS Enseignement (6h30 d&rsquo;enseignement quotidien) :&#8211; tarif normal 325 \u20ac&#8211; tarif solidaire 275 \u20ac&#8211; tarif soutien 350 \u20ac&#8211; \u00e0 la journ\u00e9e 70\u20ac (en fonction du nombre de places) Toutes les informations sont sur le site&nbsp;: www.kdham.frhttps:\/\/www.kdham.fr\/stages &gt; Stage yoga &#8211; danse biodynamique : les 17 et 18 f\u00e9vrier 2024 Avec Swati SHARMA &amp; \u00c9lisabeth ALIXANTCe stage, accueilli \u00e0 Pagnoz, est organis\u00e9 par l&rsquo;association YOGA &#8211; Science et Tradition. Vous trouverez les informations sur https:\/\/www.kdham.fr. &gt; Stage yoga : octobre 2024 Avec Sudhir TIWARI Depuis plusieurs ann\u00e9es, Shri Sudhir Tiwari nous propose un stage de pratique sur plusieurs jours, o\u00f9 nous alternons asanas, pranayama et th\u00e9orie. Trois journ\u00e9es d&rsquo;enseignement, accessibles aux personnes de tous niveaux. Stage organis\u00e9 par Yoga &#8211; Science &amp; Tradition. Nous accueillerons \u00e0 nouveau Sudhir Tiwari&nbsp;du 23 au 27 octobre 2024, sur le th\u00e8me du \u00ab\u00a0Vedanta\u00a0\u00bb. Toutes les informations sont sur le site&nbsp;www.kdham.frhttps:\/\/www.kdham.fr\/stages\" \/>\n<meta property=\"og:url\" content=\"https:\/\/germepi.fr\/?page_id=14\" \/>\n<meta property=\"og:site_name\" content=\"germepi\" \/>\n<meta property=\"article:modified_time\" content=\"2025-12-18T12:28:04+00:00\" \/>\n<meta property=\"og:image\" content=\"http:\/\/germepi.fr\/wp-content\/uploads\/2019\/10\/IMGP1699-921x1024.jpg\" \/>\n<meta name=\"twitter:card\" content=\"summary_large_image\" \/>\n<meta name=\"twitter:label1\" content=\"Dur\u00e9e de lecture est.\">\n\t<meta name=\"twitter:data1\" content=\"4 minutes\">\n<script type=\"application\/ld+json\" class=\"yoast-schema-graph\">{\"@context\":\"https:\/\/schema.org\",\"@graph\":[{\"@type\":\"WebSite\",\"@id\":\"http:\/\/germepi.fr\/#website\",\"url\":\"http:\/\/germepi.fr\/\",\"name\":\"germepi\",\"description\":\"Association d&#039;enseignement de yoga\",\"potentialAction\":[{\"@type\":\"SearchAction\",\"target\":\"http:\/\/germepi.fr\/?s={search_term_string}\",\"query-input\":\"required name=search_term_string\"}],\"inLanguage\":\"fr-FR\"},{\"@type\":\"ImageObject\",\"@id\":\"https:\/\/germepi.fr\/?page_id=14#primaryimage\",\"inLanguage\":\"fr-FR\",\"url\":\"http:\/\/germepi.fr\/wp-content\/uploads\/2019\/10\/IMGP1699-921x1024.jpg\"},{\"@type\":\"WebPage\",\"@id\":\"https:\/\/germepi.fr\/?page_id=14#webpage\",\"url\":\"https:\/\/germepi.fr\/?page_id=14\",\"name\":\"Stages \/ \\u00e9v\\u00e8nements - germepi\",\"isPartOf\":{\"@id\":\"http:\/\/germepi.fr\/#website\"},\"primaryImageOfPage\":{\"@id\":\"https:\/\/germepi.fr\/?page_id=14#primaryimage\"},\"datePublished\":\"2019-10-07T11:09:43+00:00\",\"dateModified\":\"2025-12-18T12:28:04+00:00\",\"inLanguage\":\"fr-FR\",\"potentialAction\":[{\"@type\":\"ReadAction\",\"target\":[\"https:\/\/germepi.fr\/?page_id=14\"]}]}]}<\/script>\n<!-- \/ Yoast SEO plugin. -->","_links":{"self":[{"href":"http:\/\/germepi.fr\/index.php?rest_route=\/wp\/v2\/pages\/14"}],"collection":[{"href":"http:\/\/germepi.fr\/index.php?rest_route=\/wp\/v2\/pages"}],"about":[{"href":"http:\/\/germepi.fr\/index.php?rest_route=\/wp\/v2\/types\/page"}],"author":[{"embeddable":true,"href":"http:\/\/germepi.fr\/index.php?rest_route=\/wp\/v2\/users\/1"}],"replies":[{"embeddable":true,"href":"http:\/\/germepi.fr\/index.php?rest_route=%2Fwp%2Fv2%2Fcomments&post=14"}],"version-history":[{"count":51,"href":"http:\/\/germepi.fr\/index.php?rest_route=\/wp\/v2\/pages\/14\/revisions"}],"predecessor-version":[{"id":859,"href":"http:\/\/germepi.fr\/index.php?rest_route=\/wp\/v2\/pages\/14\/revisions\/859"}],"wp:attachment":[{"href":"http:\/\/germepi.fr\/index.php?rest_route=%2Fwp%2Fv2%2Fmedia&parent=14"}],"curies":[{"name":"wp","href":"https:\/\/api.w.org\/{rel}","templated":true}]}}